{"id":293,"date":"2017-10-04T20:04:21","date_gmt":"2017-10-04T23:04:21","guid":{"rendered":"http:\/\/deolhonosruralistas.com.br\/deolhonoparaguai\/?page_id=293"},"modified":"2018-11-23T01:07:07","modified_gmt":"2018-11-23T03:07:07","slug":"de-ojo-en-paraguay","status":"publish","type":"page","link":"https:\/\/deolhonosruralistas.com.br\/deolhonoparaguai\/de-ojo-en-paraguay\/","title":{"rendered":"Paraguay  en La Mira"},"content":{"rendered":"<p><span style=\"font-weight: 400\">\u00bfQui\u00e9nes son los brasile\u00f1os que poseen gran parte del territorio paraguayo? En una serie de 36 reportajes, De Olho nos Ruralistas expone qu\u00e9 hacen los propietarios y grupos empresariales brasile\u00f1os en Paraguay \u2013 y tambi\u00e9n en Brasil.<\/span><\/p>\n","protected":false},"excerpt":{"rendered":"<p>\u00bfQui\u00e9nes son los brasile\u00f1os que poseen gran parte del territorio paraguayo? En una serie de 36 reportajes, De Olho nos Ruralistas expone qu\u00e9 hacen los propietarios y grupos empresariales brasile\u00f1os en Paraguay \u2013 y tambi\u00e9n en Brasil.<\/p>\n","protected":false},"author":19,"featured_media":596,"parent":0,"menu_order":0,"comment_status":"closed","ping_status":"closed","template":"","meta":{"_acf_changed":false,"footnotes":""},"class_list":["post-293","page","type-page","status-publish","has-post-thumbnail","hentry"],"acf":[],"_links":{"self":[{"href":"https:\/\/deolhonosruralistas.com.br\/deolhonoparaguai\/wp-json\/wp\/v2\/pages\/293","targetHints":{"allow":["GET"]}}],"collection":[{"href":"https:\/\/deolhonosruralistas.com.br\/deolhonoparaguai\/wp-json\/wp\/v2\/pages"}],"about":[{"href":"https:\/\/deolhonosruralistas.com.br\/deolhonoparaguai\/wp-json\/wp\/v2\/types\/page"}],"author":[{"embeddable":true,"href":"https:\/\/deolhonosruralistas.com.br\/deolhonoparaguai\/wp-json\/wp\/v2\/users\/19"}],"replies":[{"embeddable":true,"href":"https:\/\/deolhonosruralistas.com.br\/deolhonoparaguai\/wp-json\/wp\/v2\/comments?post=293"}],"version-history":[{"count":1,"href":"https:\/\/deolhonosruralistas.com.br\/deolhonoparaguai\/wp-json\/wp\/v2\/pages\/293\/revisions"}],"predecessor-version":[{"id":1549,"href":"https:\/\/deolhonosruralistas.com.br\/deolhonoparaguai\/wp-json\/wp\/v2\/pages\/293\/revisions\/1549"}],"wp:featuredmedia":[{"embeddable":true,"href":"https:\/\/deolhonosruralistas.com.br\/deolhonoparaguai\/wp-json\/wp\/v2\/media\/596"}],"wp:attachment":[{"href":"https:\/\/deolhonosruralistas.com.br\/deolhonoparaguai\/wp-json\/wp\/v2\/media?parent=293"}],"curies":[{"name":"wp","href":"https:\/\/api.w.org\/{rel}","templated":true}]}}