{"id":568,"date":"2017-10-31T13:03:32","date_gmt":"2017-10-31T15:03:32","guid":{"rendered":"http:\/\/deolhonosruralistas.com.br\/deolhonoparaguai\/?page_id=568"},"modified":"2017-10-31T13:03:32","modified_gmt":"2017-10-31T15:03:32","slug":"sobre","status":"publish","type":"page","link":"https:\/\/deolhonosruralistas.com.br\/deolhonoparaguai\/sobre\/","title":{"rendered":"Sobre"},"content":{"rendered":"<p>De Olho no Paraguai \u00e9 uma iniciativa do <a href=\"http:\/\/deolhonosruralistas.com.br\/\">De Olho nos Ruralistas<\/a>, um observat\u00f3rio brasileiro sobre agroneg\u00f3cio. O projeto jornal\u00edstico divulga informa\u00e7\u00f5es que n\u00e3o costumam ser valorizadas pela grande imprensa. A come\u00e7ar dos impactos sociais e ambientas do modelo expansionista das monoculturas. Isso acontece no Brasil e acontece no Paraguai \u2013 com a assinatura direta de latifundi\u00e1rios brasileiros, ou de empresas agropecu\u00e1rias que se expandem no pa\u00eds vizinho.<\/p>\n<p>Esse processo ocorre com uma esp\u00e9cie de \u201cefeito espelho\u201d: os grandes propriet\u00e1rios no Paraguai tamb\u00e9m possuem terras no Brasil. E, igualmente, protagonizam hist\u00f3rias de conflitos. Ou de ilegalidades. Esta s\u00e9rie de 36 reportagens &#8211; feita com o apoio da <a href=\"http:\/\/rosaluxspba.org\/\">Funda\u00e7\u00e3o Rosa Luxemburgo<\/a> \u2013 mostra essa conex\u00e3o pouco republicana. As hist\u00f3rias sobre brasileiros no Paraguai, reunidas, contam uma grande hist\u00f3ria de brasileiros que avan\u00e7am territorialmente onde for poss\u00edvel \u2013 em um pa\u00eds ou outro.<\/p>\n<div class=\"logos-apoio\">\n<h3>Iniciativa<\/h3>\n<div id=\"logo01\"><a href=\"http:\/\/deolhonosruralistas.com.br\/\"><img loading=\"lazy\" decoding=\"async\" class=\"alignnone wp-image-600 size-medium\" src=\"http:\/\/deolhonosruralistas.com.br\/deolhonoparaguai\/wp-content\/uploads\/sites\/2\/2017\/10\/DEOLHO_ruralistas-300x91.png\" alt=\"\" width=\"300\" height=\"91\" srcset=\"https:\/\/deolhonosruralistas.com.br\/deolhonoparaguai\/wp-content\/uploads\/sites\/2\/2017\/10\/DEOLHO_ruralistas-300x91.png 300w, https:\/\/deolhonosruralistas.com.br\/deolhonoparaguai\/wp-content\/uploads\/sites\/2\/2017\/10\/DEOLHO_ruralistas.png 589w\" sizes=\"auto, (max-width: 300px) 100vw, 300px\" \/><\/a><\/div>\n<h2><\/h2>\n<h3>Apoio<\/h3>\n<div id=\"logo02\"><a href=\"rosaluxspba.org\/\"><img loading=\"lazy\" decoding=\"async\" class=\"alignnone wp-image-562 size-medium\" src=\"http:\/\/deolhonosruralistas.com.br\/deolhonoparaguai\/wp-content\/uploads\/sites\/2\/2017\/10\/logo-rosa-luxemburgo-300x225.png\" alt=\"\" width=\"300\" height=\"225\" srcset=\"https:\/\/deolhonosruralistas.com.br\/deolhonoparaguai\/wp-content\/uploads\/sites\/2\/2017\/10\/logo-rosa-luxemburgo-300x225.png 300w, https:\/\/deolhonosruralistas.com.br\/deolhonoparaguai\/wp-content\/uploads\/sites\/2\/2017\/10\/logo-rosa-luxemburgo-768x576.png 768w, https:\/\/deolhonosruralistas.com.br\/deolhonoparaguai\/wp-content\/uploads\/sites\/2\/2017\/10\/logo-rosa-luxemburgo-1024x768.png 1024w, https:\/\/deolhonosruralistas.com.br\/deolhonoparaguai\/wp-content\/uploads\/sites\/2\/2017\/10\/logo-rosa-luxemburgo.png 1667w\" sizes=\"auto, (max-width: 300px) 100vw, 300px\" \/><\/a><\/div>\n<\/div>\n","protected":false},"excerpt":{"rendered":"<p>De Olho no Paraguai \u00e9 uma iniciativa do De Olho nos Ruralistas, um observat\u00f3rio brasileiro sobre agroneg\u00f3cio. O projeto jornal\u00edstico divulga informa\u00e7\u00f5es que n\u00e3o costumam ser valorizadas pela grande imprensa. A come\u00e7ar dos impactos sociais e ambientas do modelo expansionista das monoculturas. Isso acontece no Brasil e acontece no Paraguai \u2013 com a assinatura direta [&hellip;]<\/p>\n","protected":false},"author":19,"featured_media":6,"parent":0,"menu_order":0,"comment_status":"closed","ping_status":"closed","template":"","meta":{"_acf_changed":false,"footnotes":""},"class_list":["post-568","page","type-page","status-publish","has-post-thumbnail","hentry"],"acf":[],"_links":{"self":[{"href":"https:\/\/deolhonosruralistas.com.br\/deolhonoparaguai\/wp-json\/wp\/v2\/pages\/568","targetHints":{"allow":["GET"]}}],"collection":[{"href":"https:\/\/deolhonosruralistas.com.br\/deolhonoparaguai\/wp-json\/wp\/v2\/pages"}],"about":[{"href":"https:\/\/deolhonosruralistas.com.br\/deolhonoparaguai\/wp-json\/wp\/v2\/types\/page"}],"author":[{"embeddable":true,"href":"https:\/\/deolhonosruralistas.com.br\/deolhonoparaguai\/wp-json\/wp\/v2\/users\/19"}],"replies":[{"embeddable":true,"href":"https:\/\/deolhonosruralistas.com.br\/deolhonoparaguai\/wp-json\/wp\/v2\/comments?post=568"}],"version-history":[{"count":0,"href":"https:\/\/deolhonosruralistas.com.br\/deolhonoparaguai\/wp-json\/wp\/v2\/pages\/568\/revisions"}],"wp:featuredmedia":[{"embeddable":true,"href":"https:\/\/deolhonosruralistas.com.br\/deolhonoparaguai\/wp-json\/wp\/v2\/media\/6"}],"wp:attachment":[{"href":"https:\/\/deolhonosruralistas.com.br\/deolhonoparaguai\/wp-json\/wp\/v2\/media?parent=568"}],"curies":[{"name":"wp","href":"https:\/\/api.w.org\/{rel}","templated":true}]}}